{"id":902,"date":"2024-11-19T09:50:27","date_gmt":"2024-11-19T09:50:27","guid":{"rendered":"https:\/\/www.klubat.net\/?page_id=902"},"modified":"2024-11-24T16:39:37","modified_gmt":"2024-11-24T16:39:37","slug":"quiero-formar-parte","status":"publish","type":"page","link":"https:\/\/www.klubat.net\/index.php\/quiero-formar-parte\/","title":{"rendered":"Quiero formar parte"},"content":{"rendered":"\n<h3 class=\"wp-block-heading\"><strong>lagungarri: Un estilo de vida que inspira<\/strong><\/h3>\n\n\n\n<p><strong>En Murgu\u00eda<\/strong>,<\/p>\n\n\n\n<p>Si buscas un lugar donde vivir en armon\u00eda con la naturaleza, rodeado de una comunidad solidaria y participativa, mientras contribuyes a un modelo de sostenibilidad y calidad de vida, <strong>Lagungarri es tu hogar ideal<\/strong>.<\/p>\n\n\n\n<hr class=\"wp-block-separator has-alpha-channel-opacity\"\/>\n\n\n\n<h4 class=\"wp-block-heading\"><strong>Un Estilo de Vida en Armon\u00eda con el la Naturaleza <\/strong><\/h4>\n\n\n\n<p>En este municipio, vivir en armon\u00eda con la naturaleza es una realidad. Nos encontramos en el coraz\u00f3n de Murgia, rodeados de un entorno natural que inspira tranquilidad y conexi\u00f3n. Nuestro compromiso con la sostenibilidad se refleja en cada detalle de nuestras viviendas y espacios compartidos, dise\u00f1ados para minimizar el impacto ambiental y maximizar el bienestar.<\/p>\n\n\n\n<ul class=\"wp-block-list\">\n<li><strong>Dise\u00f1o eficiente y responsable:<\/strong> <\/li>\n\n\n\n<li><strong>Entorno natural privilegiado:<\/strong> <\/li>\n<\/ul>\n\n\n\n<p><strong>En Lagungarri, el cuidado del planeta comienza con cada decisi\u00f3n que tomamos juntos.<\/strong><\/p>\n\n\n\n<hr class=\"wp-block-separator has-alpha-channel-opacity\"\/>\n\n\n\n<h4 class=\"wp-block-heading\"><strong>Equilibrio entre Independencia y Comunidad<\/strong><\/h4>\n\n\n\n<p>La vida en Lagungarri est\u00e1 dise\u00f1ada para adaptarse a las mas exigentes necesidades individuales<\/p>\n\n\n\n<ul class=\"wp-block-list\">\n<li><strong>Espacios privados acogedores:<\/strong> <\/li>\n\n\n\n<li><strong>Zonas comunes inspiradoras:<\/strong> <\/li>\n<\/ul>\n\n\n\n<p><strong>Aqu\u00ed, la privacidad y la comunidad no compiten; se complementan para ofrecerte lo mejor de ambos mundos.<\/strong><\/p>\n\n\n\n<hr class=\"wp-block-separator has-alpha-channel-opacity\"\/>\n\n\n\n<h4 class=\"wp-block-heading\"><strong>Bienestar en Cada Aspecto de Tu Vida<\/strong><\/h4>\n\n\n\n<p>En Lagungarri, entendemos el bienestar como un concepto integral. Nuestro enfoque no solo abarca lo f\u00edsico, sino tambi\u00e9n lo humano<\/p>\n\n\n\n<ul class=\"wp-block-list\">\n<li><strong>Actividades para el cuerpo y la mente:<\/strong><\/li>\n\n\n\n<li><strong>Conexi\u00f3n humana:<\/strong> <\/li>\n\n\n\n<li><strong>Entorno respetuoso y acogedor:<\/strong> <\/li>\n<\/ul>\n\n\n\n<p><strong>Nuestro objetivo es que cada miembro de Lagungarri viva una vida plena y satisfactoria.<\/strong><\/p>\n\n\n\n<hr class=\"wp-block-separator has-alpha-channel-opacity\"\/>\n\n\n\n<h4 class=\"wp-block-heading\"><strong>Sostenibilidad, Colaboraci\u00f3n y Progreso<\/strong><\/h4>\n\n\n\n<p>Lagungarri representa un nuevo paradigma de vida donde la sostenibilidad y la innovaci\u00f3n son fundamentales. Creemos que es posible construir un futuro mejor combinando pr\u00e1cticas responsables con la fuerza de la colaboraci\u00f3n.<\/p>\n\n\n\n<ul class=\"wp-block-list\">\n<li><strong>Econom\u00eda circular:<\/strong> <\/li>\n\n\n\n<li><strong>Gesti\u00f3n comunitaria:<\/strong> <\/li>\n<\/ul>\n\n\n\n<p><strong>En Lagungarri, no solo construimos un hogar; Construimos un estilo de vida que transforma.<\/strong><\/p>\n","protected":false},"excerpt":{"rendered":"<p>lagungarri: Un estilo de vida que inspira En Murgu\u00eda, Si buscas un lugar donde vivir en armon\u00eda con la naturaleza, rodeado de una comunidad solidaria y participativa, mientras contribuyes a un modelo de sostenibilidad y calidad de vida, Lagungarri es tu hogar ideal. Un Estilo de Vida en Armon\u00eda con [&hellip;]<\/p>\n","protected":false},"author":1,"featured_media":0,"parent":0,"menu_order":0,"comment_status":"closed","ping_status":"closed","template":"","meta":{"footnotes":""},"class_list":["post-902","page","type-page","status-publish","hentry"],"_links":{"self":[{"href":"https:\/\/www.klubat.net\/index.php\/wp-json\/wp\/v2\/pages\/902","targetHints":{"allow":["GET"]}}],"collection":[{"href":"https:\/\/www.klubat.net\/index.php\/wp-json\/wp\/v2\/pages"}],"about":[{"href":"https:\/\/www.klubat.net\/index.php\/wp-json\/wp\/v2\/types\/page"}],"author":[{"embeddable":true,"href":"https:\/\/www.klubat.net\/index.php\/wp-json\/wp\/v2\/users\/1"}],"replies":[{"embeddable":true,"href":"https:\/\/www.klubat.net\/index.php\/wp-json\/wp\/v2\/comments?post=902"}],"version-history":[{"count":2,"href":"https:\/\/www.klubat.net\/index.php\/wp-json\/wp\/v2\/pages\/902\/revisions"}],"predecessor-version":[{"id":1007,"href":"https:\/\/www.klubat.net\/index.php\/wp-json\/wp\/v2\/pages\/902\/revisions\/1007"}],"wp:attachment":[{"href":"https:\/\/www.klubat.net\/index.php\/wp-json\/wp\/v2\/media?parent=902"}],"curies":[{"name":"wp","href":"https:\/\/api.w.org\/{rel}","templated":true}]}}