{"id":872,"date":"2024-11-11T15:54:36","date_gmt":"2024-11-11T15:54:36","guid":{"rendered":"https:\/\/www.klubat.net\/?page_id=872"},"modified":"2024-12-13T08:32:35","modified_gmt":"2024-12-13T08:32:35","slug":"por-que-lagungarri","status":"publish","type":"page","link":"https:\/\/www.klubat.net\/index.php\/por-que-lagungarri\/","title":{"rendered":"Un estilo de vida"},"content":{"rendered":"\n<p>www<a href=\"https:\/\/parke.eus\/campus\/leioa\/\">https:\/\/parke.eus\/campus\/leioa\/<\/a><\/p>\n\n\n\n<p>Punto de encuentro entre la comunidad de cohousing, las administraciones y las personas . Klubat impulsa y facilita la transferencia de conocimiento e innovaci\u00f3n. <\/p>\n\n\n\n<p>Klubat naci\u00f3 con la vocaci\u00f3n de convertirse en un espacio de comunicaci\u00f3n directa entre las comunidades, administraciones y empresas ofreciendo su oferta integral de servicios diferenciales, que garantizan el m\u00e1ximo desarrollo socioecon\u00f3mico para cualquier proyecto.<\/p>\n\n\n\n<hr class=\"wp-block-separator has-alpha-channel-opacity\"\/>\n\n\n\n<h4 class=\"wp-block-heading\"><strong>Vive la Experiencia Lagungarri<\/strong><\/h4>\n\n\n\n<p>Si buscas algo m\u00e1s que una vivienda, si anhelas un lugar donde puedas crecer, conectar y contribuir al bienestar de la comunidad y del planeta, Lagungarri es para ti.<\/p>\n\n\n\n<ul class=\"wp-block-list\">\n<li><strong>Un entorno dise\u00f1ado para un futuro en calma:<\/strong> <\/li>\n\n\n\n<li><strong>Un estilo de vida que prioriza lo que realmente importa:<\/strong> <\/li>\n<\/ul>\n\n\n\n<p><strong>Lagungarri no es solo un lugar, es una forma de vivir que inspira y transforma.<\/strong><\/p>\n","protected":false},"excerpt":{"rendered":"<p>wwwhttps:\/\/parke.eus\/campus\/leioa\/ Punto de encuentro entre la comunidad de cohousing, las administraciones y las personas . Klubat impulsa y facilita la transferencia de conocimiento e innovaci\u00f3n. Klubat naci\u00f3 con la vocaci\u00f3n de convertirse en un espacio de comunicaci\u00f3n directa entre las comunidades, administraciones y empresas ofreciendo su oferta integral de servicios [&hellip;]<\/p>\n","protected":false},"author":1,"featured_media":0,"parent":0,"menu_order":0,"comment_status":"closed","ping_status":"closed","template":"","meta":{"footnotes":""},"class_list":["post-872","page","type-page","status-publish","hentry"],"_links":{"self":[{"href":"https:\/\/www.klubat.net\/index.php\/wp-json\/wp\/v2\/pages\/872","targetHints":{"allow":["GET"]}}],"collection":[{"href":"https:\/\/www.klubat.net\/index.php\/wp-json\/wp\/v2\/pages"}],"about":[{"href":"https:\/\/www.klubat.net\/index.php\/wp-json\/wp\/v2\/types\/page"}],"author":[{"embeddable":true,"href":"https:\/\/www.klubat.net\/index.php\/wp-json\/wp\/v2\/users\/1"}],"replies":[{"embeddable":true,"href":"https:\/\/www.klubat.net\/index.php\/wp-json\/wp\/v2\/comments?post=872"}],"version-history":[{"count":20,"href":"https:\/\/www.klubat.net\/index.php\/wp-json\/wp\/v2\/pages\/872\/revisions"}],"predecessor-version":[{"id":1305,"href":"https:\/\/www.klubat.net\/index.php\/wp-json\/wp\/v2\/pages\/872\/revisions\/1305"}],"wp:attachment":[{"href":"https:\/\/www.klubat.net\/index.php\/wp-json\/wp\/v2\/media?parent=872"}],"curies":[{"name":"wp","href":"https:\/\/api.w.org\/{rel}","templated":true}]}}