{"id":591,"date":"2024-05-22T07:47:11","date_gmt":"2024-05-22T07:47:11","guid":{"rendered":"https:\/\/www.klubat.net\/?page_id=591"},"modified":"2024-05-22T14:27:36","modified_gmt":"2024-05-22T14:27:36","slug":"vive-tu-comunidad","status":"publish","type":"page","link":"https:\/\/www.klubat.net\/index.php\/vive-tu-comunidad\/","title":{"rendered":"Vive tu comunidad"},"content":{"rendered":"\n<p><br><strong>Un nuevo espacio de ocio, cultura y deporte con m\u00faltiples actividades repartidas.<\/strong><\/p>\n\n\n\n<h2 class=\"wp-block-heading\">\u00a1Bienvenido\/a a KLUBAT- BRISAME!<\/h2>\n\n\n\n<p>Es mucho m\u00e1s que un entorno DE ACTIVIDADES, se trata de un espacio lleno de vida. Palpita gracias a las personas que lo habitan en su quehacer diario. As\u00ed, KLUBAT- BRISAME ha nacido para enriquecer este ecosistema, habilitando un espacio para el desarrollo del ocio en el que cada persona pueda encontrar aquello que m\u00e1s le gusta.<\/p>\n\n\n\n<ul class=\"wp-block-list\">\n<li><strong>Grupos particulares <\/strong><\/li>\n\n\n\n<li><strong>Grupos foraneos<\/strong><\/li>\n<\/ul>\n\n\n\n<h2 class=\"wp-block-heading\">Oferta de actividades de Bebrisa KLUBAT<\/h2>\n\n\n\n<p><strong>Actividades durante todo el a\u00f1o:<\/strong><\/p>\n\n\n\n<ul class=\"wp-block-list\">\n<li>Puedes acudir a cualquier evento de BeBrisa KLUBAT.<\/li>\n\n\n\n<li>Hay actividades para participar individualmente, por parejas o por equipos.<\/li>\n\n\n\n<li>El calendario de actividades es din\u00e1mico e ir\u00e1 nutri\u00e9ndose durante el a\u00f1o.<\/li>\n\n\n\n<li>Puedes participar pagando solamente por la actividad que desees o haci\u00e9ndote socio\/a.<\/li>\n\n\n\n<li>Ventajas exclusivas para socios\/as.<\/li>\n<\/ul>\n","protected":false},"excerpt":{"rendered":"<p>Un nuevo espacio de ocio, cultura y deporte con m\u00faltiples actividades repartidas. \u00a1Bienvenido\/a a KLUBAT- BRISAME! Es mucho m\u00e1s que un entorno DE ACTIVIDADES, se trata de un espacio lleno de vida. Palpita gracias a las personas que lo habitan en su quehacer diario. As\u00ed, KLUBAT- BRISAME ha nacido para [&hellip;]<\/p>\n","protected":false},"author":1,"featured_media":0,"parent":0,"menu_order":0,"comment_status":"closed","ping_status":"closed","template":"","meta":{"footnotes":""},"class_list":["post-591","page","type-page","status-publish","hentry"],"_links":{"self":[{"href":"https:\/\/www.klubat.net\/index.php\/wp-json\/wp\/v2\/pages\/591","targetHints":{"allow":["GET"]}}],"collection":[{"href":"https:\/\/www.klubat.net\/index.php\/wp-json\/wp\/v2\/pages"}],"about":[{"href":"https:\/\/www.klubat.net\/index.php\/wp-json\/wp\/v2\/types\/page"}],"author":[{"embeddable":true,"href":"https:\/\/www.klubat.net\/index.php\/wp-json\/wp\/v2\/users\/1"}],"replies":[{"embeddable":true,"href":"https:\/\/www.klubat.net\/index.php\/wp-json\/wp\/v2\/comments?post=591"}],"version-history":[{"count":2,"href":"https:\/\/www.klubat.net\/index.php\/wp-json\/wp\/v2\/pages\/591\/revisions"}],"predecessor-version":[{"id":597,"href":"https:\/\/www.klubat.net\/index.php\/wp-json\/wp\/v2\/pages\/591\/revisions\/597"}],"wp:attachment":[{"href":"https:\/\/www.klubat.net\/index.php\/wp-json\/wp\/v2\/media?parent=591"}],"curies":[{"name":"wp","href":"https:\/\/api.w.org\/{rel}","templated":true}]}}