{"id":415,"date":"2024-05-08T16:24:40","date_gmt":"2024-05-08T16:24:40","guid":{"rendered":"https:\/\/www.klubat.net\/?page_id=415"},"modified":"2024-11-24T17:23:29","modified_gmt":"2024-11-24T17:23:29","slug":"brisa","status":"publish","type":"page","link":"https:\/\/www.klubat.net\/index.php\/brisa\/","title":{"rendered":"Cooperativa m\u00e1s que vivienda"},"content":{"rendered":"\n<h3 class=\"wp-block-heading\"><strong>Vivienda Cooperativa: Un Hogar que Transforma Vidas<\/strong><\/h3>\n\n\n\n<p><strong>En Lagungarri<\/strong> ,<\/p>\n\n\n\n<h4 class=\"wp-block-heading\"><strong>Y una Experiencia que Redefine Vivir<\/strong><\/h4>\n\n\n\n<p>Lagungarri no es solo un hogar, es un compromiso con un estilo de vida innovador y humano. Aqu\u00ed, descubrir\u00e1s que la conexi\u00f3n con la naturaleza, el equilibrio entre privacidad y comunidad, y el apoyo mutuo pueden transformar tu vida.<\/p>\n\n\n\n<p><strong>En Lagungarri redefinimos la idea de vivienda para ofrecerte mucho m\u00e1s: un hogar donde crecer, compartir y construir un futuro juntos<\/strong> <\/p>\n","protected":false},"excerpt":{"rendered":"<p>Vivienda Cooperativa: Un Hogar que Transforma Vidas En Lagungarri , Y una Experiencia que Redefine Vivir Lagungarri no es solo un hogar, es un compromiso con un estilo de vida innovador y humano. Aqu\u00ed, descubrir\u00e1s que la conexi\u00f3n con la naturaleza, el equilibrio entre privacidad y comunidad, y el apoyo [&hellip;]<\/p>\n","protected":false},"author":1,"featured_media":0,"parent":0,"menu_order":0,"comment_status":"closed","ping_status":"closed","template":"","meta":{"footnotes":""},"class_list":["post-415","page","type-page","status-publish","hentry"],"_links":{"self":[{"href":"https:\/\/www.klubat.net\/index.php\/wp-json\/wp\/v2\/pages\/415","targetHints":{"allow":["GET"]}}],"collection":[{"href":"https:\/\/www.klubat.net\/index.php\/wp-json\/wp\/v2\/pages"}],"about":[{"href":"https:\/\/www.klubat.net\/index.php\/wp-json\/wp\/v2\/types\/page"}],"author":[{"embeddable":true,"href":"https:\/\/www.klubat.net\/index.php\/wp-json\/wp\/v2\/users\/1"}],"replies":[{"embeddable":true,"href":"https:\/\/www.klubat.net\/index.php\/wp-json\/wp\/v2\/comments?post=415"}],"version-history":[{"count":18,"href":"https:\/\/www.klubat.net\/index.php\/wp-json\/wp\/v2\/pages\/415\/revisions"}],"predecessor-version":[{"id":1029,"href":"https:\/\/www.klubat.net\/index.php\/wp-json\/wp\/v2\/pages\/415\/revisions\/1029"}],"wp:attachment":[{"href":"https:\/\/www.klubat.net\/index.php\/wp-json\/wp\/v2\/media?parent=415"}],"curies":[{"name":"wp","href":"https:\/\/api.w.org\/{rel}","templated":true}]}}