{"id":1227,"date":"2024-12-10T08:55:34","date_gmt":"2024-12-10T08:55:34","guid":{"rendered":"https:\/\/www.klubat.net\/?page_id=1227"},"modified":"2024-12-10T09:00:04","modified_gmt":"2024-12-10T09:00:04","slug":"economico","status":"publish","type":"page","link":"https:\/\/www.klubat.net\/index.php\/economico\/","title":{"rendered":"Econ\u00f3mico"},"content":{"rendered":"\n<p><strong>Econ\u00f3mico:<\/strong>\u00a0creando nuevas asociaciones y alianzas para la producci\u00f3n innovadora de viviendas en cesi\u00f3n de uso en r\u00e9gimen cooperativo y demostrando la participaci\u00f3n empresarial den importantes desarrollos sociales.<\/p>\n","protected":false},"excerpt":{"rendered":"<p>Econ\u00f3mico:\u00a0creando nuevas asociaciones y alianzas para la producci\u00f3n innovadora de viviendas en cesi\u00f3n de uso en r\u00e9gimen cooperativo y demostrando la participaci\u00f3n empresarial den importantes desarrollos sociales.<\/p>\n","protected":false},"author":1,"featured_media":0,"parent":0,"menu_order":0,"comment_status":"closed","ping_status":"closed","template":"","meta":{"footnotes":""},"class_list":["post-1227","page","type-page","status-publish","hentry"],"_links":{"self":[{"href":"https:\/\/www.klubat.net\/index.php\/wp-json\/wp\/v2\/pages\/1227","targetHints":{"allow":["GET"]}}],"collection":[{"href":"https:\/\/www.klubat.net\/index.php\/wp-json\/wp\/v2\/pages"}],"about":[{"href":"https:\/\/www.klubat.net\/index.php\/wp-json\/wp\/v2\/types\/page"}],"author":[{"embeddable":true,"href":"https:\/\/www.klubat.net\/index.php\/wp-json\/wp\/v2\/users\/1"}],"replies":[{"embeddable":true,"href":"https:\/\/www.klubat.net\/index.php\/wp-json\/wp\/v2\/comments?post=1227"}],"version-history":[{"count":2,"href":"https:\/\/www.klubat.net\/index.php\/wp-json\/wp\/v2\/pages\/1227\/revisions"}],"predecessor-version":[{"id":1234,"href":"https:\/\/www.klubat.net\/index.php\/wp-json\/wp\/v2\/pages\/1227\/revisions\/1234"}],"wp:attachment":[{"href":"https:\/\/www.klubat.net\/index.php\/wp-json\/wp\/v2\/media?parent=1227"}],"curies":[{"name":"wp","href":"https:\/\/api.w.org\/{rel}","templated":true}]}}