{"id":1221,"date":"2024-12-10T08:54:56","date_gmt":"2024-12-10T08:54:56","guid":{"rendered":"https:\/\/www.klubat.net\/?page_id=1221"},"modified":"2024-12-10T08:57:37","modified_gmt":"2024-12-10T08:57:37","slug":"social","status":"publish","type":"page","link":"https:\/\/www.klubat.net\/index.php\/social\/","title":{"rendered":"Social"},"content":{"rendered":"\n<p><strong>Social:<\/strong>\u00a0reforzando el perfil de Lagungarri como un proyecto para un entorno que marca la pauta en enfoques innovadores y conecta la arquitectura con importantes desarrollos sociales (envejecimiento y atenci\u00f3n de la salud; inclusi\u00f3n social; la transici\u00f3n hacia la sostenibilidad; comunidades urbanas vibrantes; etc.).<\/p>\n\n\n\n<p><\/p>\n","protected":false},"excerpt":{"rendered":"<p>Social:\u00a0reforzando el perfil de Lagungarri como un proyecto para un entorno que marca la pauta en enfoques innovadores y conecta la arquitectura con importantes desarrollos sociales (envejecimiento y atenci\u00f3n de la salud; inclusi\u00f3n social; la transici\u00f3n hacia la sostenibilidad; comunidades urbanas vibrantes; etc.).<\/p>\n","protected":false},"author":1,"featured_media":0,"parent":0,"menu_order":0,"comment_status":"closed","ping_status":"closed","template":"","meta":{"footnotes":""},"class_list":["post-1221","page","type-page","status-publish","hentry"],"_links":{"self":[{"href":"https:\/\/www.klubat.net\/index.php\/wp-json\/wp\/v2\/pages\/1221","targetHints":{"allow":["GET"]}}],"collection":[{"href":"https:\/\/www.klubat.net\/index.php\/wp-json\/wp\/v2\/pages"}],"about":[{"href":"https:\/\/www.klubat.net\/index.php\/wp-json\/wp\/v2\/types\/page"}],"author":[{"embeddable":true,"href":"https:\/\/www.klubat.net\/index.php\/wp-json\/wp\/v2\/users\/1"}],"replies":[{"embeddable":true,"href":"https:\/\/www.klubat.net\/index.php\/wp-json\/wp\/v2\/comments?post=1221"}],"version-history":[{"count":2,"href":"https:\/\/www.klubat.net\/index.php\/wp-json\/wp\/v2\/pages\/1221\/revisions"}],"predecessor-version":[{"id":1231,"href":"https:\/\/www.klubat.net\/index.php\/wp-json\/wp\/v2\/pages\/1221\/revisions\/1231"}],"wp:attachment":[{"href":"https:\/\/www.klubat.net\/index.php\/wp-json\/wp\/v2\/media?parent=1221"}],"curies":[{"name":"wp","href":"https:\/\/api.w.org\/{rel}","templated":true}]}}