{"id":1016,"date":"2024-11-24T16:46:29","date_gmt":"2024-11-24T16:46:29","guid":{"rendered":"https:\/\/www.klubat.net\/?page_id=1016"},"modified":"2024-11-24T16:50:10","modified_gmt":"2024-11-24T16:50:10","slug":"economia-circular-un-cambio-real","status":"publish","type":"page","link":"https:\/\/www.klubat.net\/index.php\/economia-circular-un-cambio-real\/","title":{"rendered":"Econom\u00eda Circular: Un Cambio Real"},"content":{"rendered":"\n<p>Nuestro compromiso con la sostenibilidad se extiende m\u00e1s all\u00e1 de lo ambiental. Lagungarri promueve un modelo de econom\u00eda circular donde el uso eficiente de los recursos y la colaboraci\u00f3n entre sus miembros crean una abundancia compartida. Desde compartir herramientas hasta crear juntos soluciones para el d\u00eda a d\u00eda, demostramos que una vida sostenible es posible, y es mejor cuando se hace en comunidad.<\/p>\n","protected":false},"excerpt":{"rendered":"<p>Nuestro compromiso con la sostenibilidad se extiende m\u00e1s all\u00e1 de lo ambiental. Lagungarri promueve un modelo de econom\u00eda circular donde el uso eficiente de los recursos y la colaboraci\u00f3n entre sus miembros crean una abundancia compartida. Desde compartir herramientas hasta crear juntos soluciones para el d\u00eda a d\u00eda, demostramos que [&hellip;]<\/p>\n","protected":false},"author":1,"featured_media":0,"parent":0,"menu_order":0,"comment_status":"closed","ping_status":"closed","template":"","meta":{"footnotes":""},"class_list":["post-1016","page","type-page","status-publish","hentry"],"_links":{"self":[{"href":"https:\/\/www.klubat.net\/index.php\/wp-json\/wp\/v2\/pages\/1016","targetHints":{"allow":["GET"]}}],"collection":[{"href":"https:\/\/www.klubat.net\/index.php\/wp-json\/wp\/v2\/pages"}],"about":[{"href":"https:\/\/www.klubat.net\/index.php\/wp-json\/wp\/v2\/types\/page"}],"author":[{"embeddable":true,"href":"https:\/\/www.klubat.net\/index.php\/wp-json\/wp\/v2\/users\/1"}],"replies":[{"embeddable":true,"href":"https:\/\/www.klubat.net\/index.php\/wp-json\/wp\/v2\/comments?post=1016"}],"version-history":[{"count":2,"href":"https:\/\/www.klubat.net\/index.php\/wp-json\/wp\/v2\/pages\/1016\/revisions"}],"predecessor-version":[{"id":1021,"href":"https:\/\/www.klubat.net\/index.php\/wp-json\/wp\/v2\/pages\/1016\/revisions\/1021"}],"wp:attachment":[{"href":"https:\/\/www.klubat.net\/index.php\/wp-json\/wp\/v2\/media?parent=1016"}],"curies":[{"name":"wp","href":"https:\/\/api.w.org\/{rel}","templated":true}]}}