{"id":994,"date":"2024-11-24T16:17:00","date_gmt":"2024-11-24T16:17:00","guid":{"rendered":"https:\/\/www.klubat.net\/?page_id=994"},"modified":"2024-11-24T17:11:26","modified_gmt":"2024-11-24T17:11:26","slug":"unete-2","status":"publish","type":"page","link":"http:\/\/www.klubat.net\/index.php\/unete-2\/","title":{"rendered":"\u00daNETE"},"content":{"rendered":"\n<h3 class=\"wp-block-heading\"><strong>\u00daNETE A LAGUNGARRI: DA EL PRIMER PASO HACIA UNA VIDA EXTRAORDINARIA<\/strong><\/h3>\n\n\n\n<p>Sabemos que tomar una decisi\u00f3n como esto puede generar dudas. \u00bfSer\u00e1 el lugar adecuado? \u00bfEncajar\u00e9 en la comunidad? \u00bfEs este el estilo de vida que estoy buscando?<\/p>\n\n\n\n<p><strong>En\u00a0Lagungarri<\/strong>\u00a0,<\/p>\n\n\n\n<p><strong>\u00danete a un proyecto que va m\u00e1s all\u00e1 de la vivienda: forma parte de una comunidad que transforma vidas.<\/strong><\/p>\n\n\n\n<hr class=\"wp-block-separator has-alpha-channel-opacity\"\/>\n\n\n\n<h4 class=\"wp-block-heading\"><strong>Tu lugar te est\u00e1 esperando<\/strong><\/h4>\n\n\n\n<p>En Lagungarri, no ser\u00e1s un n\u00famero, ser\u00e1s parte de una comunidad viva, comprometida y colaborativa. Cada miembro aporta algo \u00fanico, y juntos construimos un hogar que refleja nuestros valores como<\/p>\n\n\n\n<p>No importa si es la primera vez que exploras este tipo de proyectos o si llevas tiempo buscando una comunidad como la nuestra. Aqu\u00ed encontrar\u00e1s un lugar donde sentirte valorado, escuchado y parte de algo m\u00e1s.<\/p>\n\n\n\n<p><strong>\u201cHoy por ti, ma\u00f1ana por m\u00ed\u201d no es solo nuestro lema; es la promesa que hacemos a cada persona que decide unirse a nosotros.<\/strong><\/p>\n\n\n\n<hr class=\"wp-block-separator has-alpha-channel-opacity\"\/>\n\n\n\n<h4 class=\"wp-block-heading\"><strong>\u00bfEst\u00e1s listo para dar el paso?<\/strong><\/h4>\n\n\n\n<p>No dejes que las dudas te detengan. En Lagungarri, hemos dise\u00f1ado un espacio donde puedes encontrar todo lo que necesitas para vivir con prop\u00f3sito, conexi\u00f3n y paz. Escr\u00edbenos, ll\u00e1manos o vis\u00edtanos para resolver tus inquietudes y descubrir de primera mano c\u00f3mo es la vida en Lagungarri.<\/p>\n\n\n\n<p><strong>Este puede ser el comienzo de una nueva etapa en tu vida. No est\u00e1s solo; Estamos aqu\u00ed para caminar contigo.<\/strong><\/p>\n\n\n\n<hr class=\"wp-block-separator has-alpha-channel-opacity\"\/>\n\n\n\n<p><strong>Botones destacados:<\/strong><\/p>\n\n\n\n<ul class=\"wp-block-list\">\n<li><strong>Cont\u00e1ctenos ahora<\/strong><\/li>\n\n\n\n<li><strong>Ven a conocernos en Murgu\u00eda, \u00c1lava<\/strong><\/li>\n\n\n\n<li><strong>\u00danete a nuestra pr\u00f3xima charla informativa<\/strong><\/li>\n<\/ul>\n\n\n\n<hr class=\"wp-block-separator has-alpha-channel-opacity\"\/>\n\n\n\n<p><strong>En Lagungarri, no solo vivir\u00e1s mejor, vivir\u00e1s diferente. Da el paso. Tu lugar en nuestra comunidad te espera.<\/strong><\/p>\n\n\n\n<p>Si buscas un lugar donde vivir en armon\u00eda con la naturaleza, rodeado de una comunidad solidaria y participativa, mientras contribuyes a un modelo de sostenibilidad y calidad de vida, Lagungarri es tu hogar ideal.<\/p>\n\n\n\n<p><strong>Te ofrecemos asesoramiento personalizado&nbsp;<\/strong><\/p>\n\n\n\n<p>Nuestra innovadora propuesta de cohousing fomenta la sostenibilidad y el sentido de comunidad creciendo espacios compartidos dise\u00f1ados para enriquecer tu experiencia de vida, promoviendo la colaboraci\u00f3n y el bienestar personal en un entorno acogedor y respetuoso con el medio ambiente.<\/p>\n","protected":false},"excerpt":{"rendered":"<p>\u00daNETE A LAGUNGARRI: DA EL PRIMER PASO HACIA UNA VIDA EXTRAORDINARIA Sabemos que tomar una decisi\u00f3n como esto puede generar dudas. \u00bfSer\u00e1 el lugar adecuado? \u00bfEncajar\u00e9 en la comunidad? \u00bfEs este el estilo de vida que estoy buscando? En\u00a0Lagungarri\u00a0, \u00danete a un proyecto que va m\u00e1s all\u00e1 de la vivienda: [&hellip;]<\/p>\n","protected":false},"author":1,"featured_media":0,"parent":0,"menu_order":0,"comment_status":"closed","ping_status":"closed","template":"","meta":{"footnotes":""},"class_list":["post-994","page","type-page","status-publish","hentry"],"_links":{"self":[{"href":"http:\/\/www.klubat.net\/index.php\/wp-json\/wp\/v2\/pages\/994","targetHints":{"allow":["GET"]}}],"collection":[{"href":"http:\/\/www.klubat.net\/index.php\/wp-json\/wp\/v2\/pages"}],"about":[{"href":"http:\/\/www.klubat.net\/index.php\/wp-json\/wp\/v2\/types\/page"}],"author":[{"embeddable":true,"href":"http:\/\/www.klubat.net\/index.php\/wp-json\/wp\/v2\/users\/1"}],"replies":[{"embeddable":true,"href":"http:\/\/www.klubat.net\/index.php\/wp-json\/wp\/v2\/comments?post=994"}],"version-history":[{"count":3,"href":"http:\/\/www.klubat.net\/index.php\/wp-json\/wp\/v2\/pages\/994\/revisions"}],"predecessor-version":[{"id":1000,"href":"http:\/\/www.klubat.net\/index.php\/wp-json\/wp\/v2\/pages\/994\/revisions\/1000"}],"wp:attachment":[{"href":"http:\/\/www.klubat.net\/index.php\/wp-json\/wp\/v2\/media?parent=994"}],"curies":[{"name":"wp","href":"https:\/\/api.w.org\/{rel}","templated":true}]}}