{"id":690,"date":"2024-11-04T15:41:40","date_gmt":"2024-11-04T15:41:40","guid":{"rendered":"https:\/\/www.klubat.net\/?page_id=690"},"modified":"2024-11-24T17:22:48","modified_gmt":"2024-11-24T17:22:48","slug":"vivienda-cooperativa","status":"publish","type":"page","link":"http:\/\/www.klubat.net\/index.php\/vivienda-cooperativa\/","title":{"rendered":"En armon\u00eda con la naturaleza"},"content":{"rendered":"\n<h3 class=\"wp-block-heading\"><strong>Vida Comunitaria: El Coraz\u00f3n de Lagungarri<\/strong><\/h3>\n\n\n\n<h4 class=\"wp-block-heading\"><strong>Un Entorno que Conecta y Transforma<\/strong><\/h4>\n\n\n\n<p>Lagungarri es mucho m\u00e1s que un lugar donde vivir. Es un espacio dise\u00f1ado para fomentar la interacci\u00f3n y la convivencia, donde cada detalle est\u00e1 pensado para que encuentres un equilibrio entre lo individual y lo colectivo. Nuestras zonas comunes son el punto de encuentro ideal para conectar, colaborar<\/p>\n\n\n\n<p><strong>Imagina compartir un caf\u00e9 en el jard\u00edn, participar en una clase de yoga en el sal\u00f3n comunitario o simplemente disfrutar de una conversaci\u00f3n que enriquece tu d\u00eda.<\/strong><\/p>\n","protected":false},"excerpt":{"rendered":"<p>Vida Comunitaria: El Coraz\u00f3n de Lagungarri Un Entorno que Conecta y Transforma Lagungarri es mucho m\u00e1s que un lugar donde vivir. Es un espacio dise\u00f1ado para fomentar la interacci\u00f3n y la convivencia, donde cada detalle est\u00e1 pensado para que encuentres un equilibrio entre lo individual y lo colectivo. Nuestras zonas [&hellip;]<\/p>\n","protected":false},"author":1,"featured_media":0,"parent":0,"menu_order":0,"comment_status":"closed","ping_status":"closed","template":"","meta":{"footnotes":""},"class_list":["post-690","page","type-page","status-publish","hentry"],"_links":{"self":[{"href":"http:\/\/www.klubat.net\/index.php\/wp-json\/wp\/v2\/pages\/690","targetHints":{"allow":["GET"]}}],"collection":[{"href":"http:\/\/www.klubat.net\/index.php\/wp-json\/wp\/v2\/pages"}],"about":[{"href":"http:\/\/www.klubat.net\/index.php\/wp-json\/wp\/v2\/types\/page"}],"author":[{"embeddable":true,"href":"http:\/\/www.klubat.net\/index.php\/wp-json\/wp\/v2\/users\/1"}],"replies":[{"embeddable":true,"href":"http:\/\/www.klubat.net\/index.php\/wp-json\/wp\/v2\/comments?post=690"}],"version-history":[{"count":5,"href":"http:\/\/www.klubat.net\/index.php\/wp-json\/wp\/v2\/pages\/690\/revisions"}],"predecessor-version":[{"id":1028,"href":"http:\/\/www.klubat.net\/index.php\/wp-json\/wp\/v2\/pages\/690\/revisions\/1028"}],"wp:attachment":[{"href":"http:\/\/www.klubat.net\/index.php\/wp-json\/wp\/v2\/media?parent=690"}],"curies":[{"name":"wp","href":"https:\/\/api.w.org\/{rel}","templated":true}]}}