{"id":662,"date":"2024-08-10T08:43:45","date_gmt":"2024-08-10T08:43:45","guid":{"rendered":"https:\/\/www.klubat.net\/?page_id=662"},"modified":"2024-08-10T08:43:47","modified_gmt":"2024-08-10T08:43:47","slug":"sobre-formas-de-disenar-la-distribucion-de-espacios-comunes-y-areas-verdes","status":"publish","type":"page","link":"http:\/\/www.klubat.net\/index.php\/sobre-formas-de-disenar-la-distribucion-de-espacios-comunes-y-areas-verdes\/","title":{"rendered":"Sobre formas de dise\u00f1ar la distribuci\u00f3n de espacios comunes y \u00e1reas verdes"},"content":{"rendered":"","protected":false},"excerpt":{"rendered":"","protected":false},"author":1,"featured_media":0,"parent":0,"menu_order":0,"comment_status":"closed","ping_status":"closed","template":"","meta":{"footnotes":""},"class_list":["post-662","page","type-page","status-publish","hentry"],"_links":{"self":[{"href":"http:\/\/www.klubat.net\/index.php\/wp-json\/wp\/v2\/pages\/662","targetHints":{"allow":["GET"]}}],"collection":[{"href":"http:\/\/www.klubat.net\/index.php\/wp-json\/wp\/v2\/pages"}],"about":[{"href":"http:\/\/www.klubat.net\/index.php\/wp-json\/wp\/v2\/types\/page"}],"author":[{"embeddable":true,"href":"http:\/\/www.klubat.net\/index.php\/wp-json\/wp\/v2\/users\/1"}],"replies":[{"embeddable":true,"href":"http:\/\/www.klubat.net\/index.php\/wp-json\/wp\/v2\/comments?post=662"}],"version-history":[{"count":1,"href":"http:\/\/www.klubat.net\/index.php\/wp-json\/wp\/v2\/pages\/662\/revisions"}],"predecessor-version":[{"id":664,"href":"http:\/\/www.klubat.net\/index.php\/wp-json\/wp\/v2\/pages\/662\/revisions\/664"}],"wp:attachment":[{"href":"http:\/\/www.klubat.net\/index.php\/wp-json\/wp\/v2\/media?parent=662"}],"curies":[{"name":"wp","href":"https:\/\/api.w.org\/{rel}","templated":true}]}}