{"id":1013,"date":"2024-11-24T16:45:57","date_gmt":"2024-11-24T16:45:57","guid":{"rendered":"https:\/\/www.klubat.net\/?page_id=1013"},"modified":"2024-11-24T16:49:31","modified_gmt":"2024-11-24T16:49:31","slug":"solidaridad-social-el-corazon-de-nuestra-comunidad","status":"publish","type":"page","link":"http:\/\/www.klubat.net\/index.php\/solidaridad-social-el-corazon-de-nuestra-comunidad\/","title":{"rendered":"Solidaridad Social: El Coraz\u00f3n de Nuestra Comunidad"},"content":{"rendered":"\n<p>Lagungarri no es solo un lugar para vivir, es una comunidad que comparte valores. Aqu\u00ed, creemos que juntos somos m\u00e1s fuertes, y lo demostramos cada d\u00eda con apoyo mutuo y participaci\u00f3n activa. T\u00fa no ser\u00e1s un espectador; ser\u00e1s parte de algo m\u00e1s grande, tomando decisiones que impactan directamente en el bienestar colectivo.<\/p>\n","protected":false},"excerpt":{"rendered":"<p>Lagungarri no es solo un lugar para vivir, es una comunidad que comparte valores. Aqu\u00ed, creemos que juntos somos m\u00e1s fuertes, y lo demostramos cada d\u00eda con apoyo mutuo y participaci\u00f3n activa. T\u00fa no ser\u00e1s un espectador; ser\u00e1s parte de algo m\u00e1s grande, tomando decisiones que impactan directamente en el [&hellip;]<\/p>\n","protected":false},"author":1,"featured_media":0,"parent":0,"menu_order":0,"comment_status":"closed","ping_status":"closed","template":"","meta":{"footnotes":""},"class_list":["post-1013","page","type-page","status-publish","hentry"],"_links":{"self":[{"href":"http:\/\/www.klubat.net\/index.php\/wp-json\/wp\/v2\/pages\/1013","targetHints":{"allow":["GET"]}}],"collection":[{"href":"http:\/\/www.klubat.net\/index.php\/wp-json\/wp\/v2\/pages"}],"about":[{"href":"http:\/\/www.klubat.net\/index.php\/wp-json\/wp\/v2\/types\/page"}],"author":[{"embeddable":true,"href":"http:\/\/www.klubat.net\/index.php\/wp-json\/wp\/v2\/users\/1"}],"replies":[{"embeddable":true,"href":"http:\/\/www.klubat.net\/index.php\/wp-json\/wp\/v2\/comments?post=1013"}],"version-history":[{"count":2,"href":"http:\/\/www.klubat.net\/index.php\/wp-json\/wp\/v2\/pages\/1013\/revisions"}],"predecessor-version":[{"id":1020,"href":"http:\/\/www.klubat.net\/index.php\/wp-json\/wp\/v2\/pages\/1013\/revisions\/1020"}],"wp:attachment":[{"href":"http:\/\/www.klubat.net\/index.php\/wp-json\/wp\/v2\/media?parent=1013"}],"curies":[{"name":"wp","href":"https:\/\/api.w.org\/{rel}","templated":true}]}}